{"id":538,"date":"2025-03-14T11:28:26","date_gmt":"2025-03-14T09:28:26","guid":{"rendered":"https:\/\/crespect.com\/team\/"},"modified":"2025-05-24T08:17:14","modified_gmt":"2025-05-24T05:17:14","slug":"team","status":"publish","type":"page","link":"https:\/\/crespect.com\/es\/team\/","title":{"rendered":"Team"},"content":{"rendered":"<section class=\"l-section wpb_row height_huge with_img\"><div class=\"l-section-img\" role=\"img\" data-img-width=\"1920\" data-img-height=\"1080\" style=\"background-image: url(https:\/\/crespect.com\/wp-content\/uploads\/bg_light.jpg);background-position: bottom left;background-repeat: no-repeat;\"><\/div><div class=\"l-section-h i-cf\"><div class=\"g-cols vc_row via_flex valign_top type_default stacking_default\"><div class=\"vc_col-sm-12 vc_col-lg-8 vc_col-md-8 wpb_column vc_column_container\"><div class=\"vc_column-inner\"><div class=\"wpb_wrapper\"><h1 class=\"w-text\"><span class=\"w-text-h\"><span class=\"w-text-value\">Nuestro equipo<\/span><\/span><\/h1><\/div><\/div><\/div><div class=\"vc_col-sm-12 vc_col-lg-4 vc_col-md-4 wpb_column vc_column_container\"><div class=\"vc_column-inner\"><div class=\"wpb_wrapper\"><\/div><\/div><\/div><\/div><\/div><\/section><section class=\"l-section wpb_row height_medium\"><div class=\"l-section-h i-cf\"><div class=\"g-cols vc_row via_flex valign_top type_default stacking_default\"><div class=\"vc_col-sm-12 wpb_column vc_column_container\"><div class=\"vc_column-inner\"><div class=\"wpb_wrapper\"><div class=\"g-cols wpb_row via_flex valign_top type_default stacking_default\"><div class=\"vc_col-sm-4 wpb_column vc_column_container\"><div class=\"vc_column-inner\"><div class=\"wpb_wrapper\"><div class=\"w-person layout_simple with_socials\"><div class=\"w-person-image\"><img loading=\"lazy\" decoding=\"async\" width=\"910\" height=\"1024\" src=\"https:\/\/crespect.com\/wp-content\/uploads\/Katri-910x1024.jpg\" class=\"attachment-large size-large\" alt=\"Katri-Helen Wojtkowiak\" srcset=\"https:\/\/crespect.com\/wp-content\/uploads\/Katri-910x1024.jpg 910w, https:\/\/crespect.com\/wp-content\/uploads\/Katri-267x300.jpg 267w, https:\/\/crespect.com\/wp-content\/uploads\/Katri.jpg 960w\" sizes=\"auto, (max-width: 910px) 100vw, 910px\" \/><\/div><div class=\"w-person-content\"><h4 class=\"w-person-name\"><span>Katri-Helen Wojtkowiak<\/span><\/h4><div class=\"w-person-role\">Co-founder, Chief Product Officer<\/div><div class=\"w-person-links\"><div class=\"w-person-links-list\"><a href=\"mailto:katri-helen.wojtkowiak@crespect.com\" class=\"w-person-links-item type_email\" title=\"Correo electr\u00f3nico\"><i class=\"fas fa-envelope\"><\/i><\/a><a href=\"https:\/\/www.linkedin.com\/in\/katri-helen-wojtkowiak\/\" class=\"w-person-links-item type_linkedin\" title=\"LinkedIn\" target=\"_blank\" rel=\"nofollow\"><i class=\"fab fa-linkedin\"><\/i><\/a><\/div><\/div><\/div><\/div><\/div><\/div><\/div><div class=\"vc_col-sm-4 wpb_column vc_column_container\"><div class=\"vc_column-inner\"><div class=\"wpb_wrapper\"><div class=\"w-person layout_simple with_socials\"><div class=\"w-person-image\"><img loading=\"lazy\" decoding=\"async\" width=\"910\" height=\"1024\" src=\"https:\/\/crespect.com\/wp-content\/uploads\/Lauri-910x1024.jpg\" class=\"attachment-large size-large\" alt=\"Lauri L\u00e4heb\" srcset=\"https:\/\/crespect.com\/wp-content\/uploads\/Lauri-910x1024.jpg 910w, https:\/\/crespect.com\/wp-content\/uploads\/Lauri-267x300.jpg 267w, https:\/\/crespect.com\/wp-content\/uploads\/Lauri.jpg 960w\" sizes=\"auto, (max-width: 910px) 100vw, 910px\" \/><\/div><div class=\"w-person-content\"><h4 class=\"w-person-name\"><span>Lauri L\u00e4heb<\/span><\/h4><div class=\"w-person-role\">Co-founder, CEO<\/div><div class=\"w-person-links\"><div class=\"w-person-links-list\"><a href=\"mailto:lauri.laheb@crespect.com\" class=\"w-person-links-item type_email\" title=\"Correo electr\u00f3nico\"><i class=\"fas fa-envelope\"><\/i><\/a><a href=\"https:\/\/www.linkedin.com\/in\/laurilaheb\/\" class=\"w-person-links-item type_linkedin\" title=\"LinkedIn\" target=\"_blank\" rel=\"nofollow\"><i class=\"fab fa-linkedin\"><\/i><\/a><\/div><\/div><\/div><\/div><\/div><\/div><\/div><div class=\"vc_col-sm-4 wpb_column vc_column_container\"><div class=\"vc_column-inner\"><div class=\"wpb_wrapper\"><div class=\"w-person layout_simple with_socials\"><div class=\"w-person-image\"><img loading=\"lazy\" decoding=\"async\" width=\"910\" height=\"1024\" src=\"https:\/\/crespect.com\/wp-content\/uploads\/Karolina-910x1024.jpg\" class=\"attachment-large size-large\" alt=\"Karolina \u0160ilingien\u0117\" srcset=\"https:\/\/crespect.com\/wp-content\/uploads\/Karolina-910x1024.jpg 910w, https:\/\/crespect.com\/wp-content\/uploads\/Karolina-267x300.jpg 267w, https:\/\/crespect.com\/wp-content\/uploads\/Karolina.jpg 960w\" sizes=\"auto, (max-width: 910px) 100vw, 910px\" \/><\/div><div class=\"w-person-content\"><h4 class=\"w-person-name\"><span>Karolina \u0160ilingien\u0117<\/span><\/h4><div class=\"w-person-role\">Co-founder, Chief Customer Success Officer<\/div><div class=\"w-person-links\"><div class=\"w-person-links-list\"><a href=\"mailto:karolina.silingiene@crespect.com\" class=\"w-person-links-item type_email\" title=\"Correo electr\u00f3nico\"><i class=\"fas fa-envelope\"><\/i><\/a><a href=\"https:\/\/www.linkedin.com\/in\/ksilingiene\/\" class=\"w-person-links-item type_linkedin\" title=\"LinkedIn\" target=\"_blank\" rel=\"nofollow\"><i class=\"fab fa-linkedin\"><\/i><\/a><\/div><\/div><\/div><\/div><\/div><\/div><\/div><\/div><div class=\"w-separator size_small\"><\/div><div class=\"g-cols wpb_row via_flex valign_top type_default stacking_default\"><div class=\"vc_col-sm-4 wpb_column vc_column_container\"><div class=\"vc_column-inner\"><div class=\"wpb_wrapper\"><div class=\"w-person layout_simple with_socials\"><div class=\"w-person-image\"><img loading=\"lazy\" decoding=\"async\" width=\"910\" height=\"1024\" src=\"https:\/\/crespect.com\/wp-content\/uploads\/Jaak-910x1024.jpg\" class=\"attachment-large size-large\" alt=\"Jaak Sarv\" srcset=\"https:\/\/crespect.com\/wp-content\/uploads\/Jaak-910x1024.jpg 910w, https:\/\/crespect.com\/wp-content\/uploads\/Jaak-267x300.jpg 267w, https:\/\/crespect.com\/wp-content\/uploads\/Jaak.jpg 960w\" sizes=\"auto, (max-width: 910px) 100vw, 910px\" \/><\/div><div class=\"w-person-content\"><h4 class=\"w-person-name\"><span>Jaak Sarv<\/span><\/h4><div class=\"w-person-role\">CTO<\/div><div class=\"w-person-links\"><div class=\"w-person-links-list\"><a href=\"https:\/\/www.linkedin.com\/in\/jaaksarv\/\" target=\"_blank\" rel=\"nofollow\" class=\"w-person-links-item type_linkedin\" title=\"LinkedIn\"><i class=\"fab fa-linkedin\"><\/i><\/a><\/div><\/div><\/div><\/div><\/div><\/div><\/div><div class=\"vc_col-sm-4 wpb_column vc_column_container\"><div class=\"vc_column-inner\"><div class=\"wpb_wrapper\"><div class=\"w-person layout_simple with_socials\"><div class=\"w-person-image\"><img loading=\"lazy\" decoding=\"async\" width=\"910\" height=\"1024\" src=\"https:\/\/crespect.com\/wp-content\/uploads\/hannus-910x1024.jpg\" class=\"attachment-large size-large\" alt=\"J\u00fcrgen Hannus\" srcset=\"https:\/\/crespect.com\/wp-content\/uploads\/hannus-910x1024.jpg 910w, https:\/\/crespect.com\/wp-content\/uploads\/hannus-267x300.jpg 267w, https:\/\/crespect.com\/wp-content\/uploads\/hannus.jpg 960w\" sizes=\"auto, (max-width: 910px) 100vw, 910px\" \/><\/div><div class=\"w-person-content\"><h4 class=\"w-person-name\"><span>J\u00fcrgen Hannus<\/span><\/h4><div class=\"w-person-role\">Lead Software Architect<\/div><div class=\"w-person-links\"><div class=\"w-person-links-list\"><a href=\"https:\/\/www.linkedin.com\/in\/jyrgenh\/\" target=\"_blank\" rel=\"nofollow\" class=\"w-person-links-item type_linkedin\" title=\"LinkedIn\"><i class=\"fab fa-linkedin\"><\/i><\/a><\/div><\/div><\/div><\/div><\/div><\/div><\/div><div class=\"vc_col-sm-4 wpb_column vc_column_container\"><div class=\"vc_column-inner\"><div class=\"wpb_wrapper\"><div class=\"w-person layout_simple with_socials\"><div class=\"w-person-image\"><img loading=\"lazy\" decoding=\"async\" width=\"910\" height=\"1024\" src=\"https:\/\/crespect.com\/wp-content\/uploads\/Erki-910x1024.jpg\" class=\"attachment-large size-large\" alt=\"Erki Parkja\" srcset=\"https:\/\/crespect.com\/wp-content\/uploads\/Erki-910x1024.jpg 910w, https:\/\/crespect.com\/wp-content\/uploads\/Erki-267x300.jpg 267w, https:\/\/crespect.com\/wp-content\/uploads\/Erki.jpg 960w\" sizes=\"auto, (max-width: 910px) 100vw, 910px\" \/><\/div><div class=\"w-person-content\"><h4 class=\"w-person-name\"><span>Erki Parkja<\/span><\/h4><div class=\"w-person-role\">Product and Operation Manager<\/div><div class=\"w-person-links\"><div class=\"w-person-links-list\"><a href=\"https:\/\/www.linkedin.com\/in\/erki-parkja\/\" target=\"_blank\" rel=\"nofollow\" class=\"w-person-links-item type_linkedin\" title=\"LinkedIn\"><i class=\"fab fa-linkedin\"><\/i><\/a><\/div><\/div><\/div><\/div><\/div><\/div><\/div><\/div><div class=\"w-separator size_small\"><\/div><div class=\"g-cols wpb_row via_flex valign_top type_default stacking_default\"><div class=\"vc_col-sm-4 wpb_column vc_column_container\"><div class=\"vc_column-inner\"><div class=\"wpb_wrapper\"><div class=\"w-person layout_simple with_socials\"><div class=\"w-person-image\"><img loading=\"lazy\" decoding=\"async\" width=\"910\" height=\"1024\" src=\"https:\/\/crespect.com\/wp-content\/uploads\/Felipe-910x1024.jpg\" class=\"attachment-large size-large\" alt=\"Luis Felipe Mohando\" srcset=\"https:\/\/crespect.com\/wp-content\/uploads\/Felipe-910x1024.jpg 910w, https:\/\/crespect.com\/wp-content\/uploads\/Felipe-267x300.jpg 267w, https:\/\/crespect.com\/wp-content\/uploads\/Felipe.jpg 960w\" sizes=\"auto, (max-width: 910px) 100vw, 910px\" \/><\/div><div class=\"w-person-content\"><h4 class=\"w-person-name\"><span>Luis Felipe Mohando<\/span><\/h4><div class=\"w-person-role\">Director of Partnerships<\/div><div class=\"w-person-links\"><div class=\"w-person-links-list\"><a href=\"https:\/\/www.linkedin.com\/in\/felipe-mohando\/\" target=\"_blank\" rel=\"nofollow\" class=\"w-person-links-item type_linkedin\" title=\"LinkedIn\"><i class=\"fab fa-linkedin\"><\/i><\/a><\/div><\/div><\/div><\/div><\/div><\/div><\/div><div class=\"vc_col-sm-4 wpb_column vc_column_container\"><div class=\"vc_column-inner\"><div class=\"wpb_wrapper\"><\/div><\/div><\/div><div class=\"vc_col-sm-4 wpb_column vc_column_container\"><div class=\"vc_column-inner\"><div class=\"wpb_wrapper\"><\/div><\/div><\/div><\/div><\/div><\/div><\/div><\/div><\/div><\/section>\n","protected":false},"excerpt":{"rendered":"Nuestro equipoKatri-Helen WojtkowiakCo-founder, Chief Product OfficerLauri L\u00e4hebCo-founder, CEOKarolina \u0160ilingien\u0117Co-founder, Chief Customer Success OfficerJaak SarvCTOJ\u00fcrgen HannusLead Software ArchitectErki ParkjaProduct and Operation ManagerLuis Felipe MohandoDirector of Partnerships","protected":false},"author":1,"featured_media":0,"parent":0,"menu_order":3,"comment_status":"closed","ping_status":"closed","template":"","meta":{"footnotes":""},"class_list":["post-538","page","type-page","status-publish","hentry"],"yoast_head":"<!-- This site is optimized with the Yoast SEO plugin v25.1 - https:\/\/yoast.com\/wordpress\/plugins\/seo\/ -->\n<title>Team - Crespect<\/title>\n<meta name=\"robots\" content=\"index, follow, max-snippet:-1, max-image-preview:large, max-video-preview:-1\" \/>\n<link rel=\"canonical\" href=\"https:\/\/crespect.com\/es\/team\/\" \/>\n<meta property=\"og:locale\" content=\"es_ES\" \/>\n<meta property=\"og:type\" content=\"article\" \/>\n<meta property=\"og:title\" content=\"Team - Crespect\" \/>\n<meta property=\"og:url\" content=\"https:\/\/crespect.com\/es\/team\/\" \/>\n<meta property=\"og:site_name\" content=\"Crespect\" \/>\n<meta property=\"article:modified_time\" content=\"2025-05-24T05:17:14+00:00\" \/>\n<meta property=\"og:image\" content=\"https:\/\/crespect.com\/wp-content\/uploads\/FB-crespect.jpg\" \/>\n\t<meta property=\"og:image:width\" content=\"1200\" \/>\n\t<meta property=\"og:image:height\" content=\"675\" \/>\n\t<meta property=\"og:image:type\" content=\"image\/jpeg\" \/>\n<meta name=\"twitter:card\" content=\"summary_large_image\" \/>\n<meta name=\"twitter:label1\" content=\"Tiempo de lectura\" \/>\n\t<meta name=\"twitter:data1\" content=\"1 minuto\" \/>\n<script type=\"application\/ld+json\" class=\"yoast-schema-graph\">{\"@context\":\"https:\/\/schema.org\",\"@graph\":[{\"@type\":\"WebPage\",\"@id\":\"https:\/\/crespect.com\/es\/team\/\",\"url\":\"https:\/\/crespect.com\/es\/team\/\",\"name\":\"Team - Crespect\",\"isPartOf\":{\"@id\":\"https:\/\/crespect.com\/es\/#website\"},\"datePublished\":\"2025-03-14T09:28:26+00:00\",\"dateModified\":\"2025-05-24T05:17:14+00:00\",\"breadcrumb\":{\"@id\":\"https:\/\/crespect.com\/es\/team\/#breadcrumb\"},\"inLanguage\":\"es\",\"potentialAction\":[{\"@type\":\"ReadAction\",\"target\":[\"https:\/\/crespect.com\/es\/team\/\"]}]},{\"@type\":\"BreadcrumbList\",\"@id\":\"https:\/\/crespect.com\/es\/team\/#breadcrumb\",\"itemListElement\":[{\"@type\":\"ListItem\",\"position\":1,\"name\":\"Etusivu\",\"item\":\"https:\/\/crespect.com\/es\/\"},{\"@type\":\"ListItem\",\"position\":2,\"name\":\"Team\"}]},{\"@type\":\"WebSite\",\"@id\":\"https:\/\/crespect.com\/es\/#website\",\"url\":\"https:\/\/crespect.com\/es\/\",\"name\":\"Crespect\",\"description\":\"Achieve harmony in legal practice\",\"alternateName\":\"AI-powered legal practice management system with built-in CRM\",\"potentialAction\":[{\"@type\":\"SearchAction\",\"target\":{\"@type\":\"EntryPoint\",\"urlTemplate\":\"https:\/\/crespect.com\/es\/?s={search_term_string}\"},\"query-input\":{\"@type\":\"PropertyValueSpecification\",\"valueRequired\":true,\"valueName\":\"search_term_string\"}}],\"inLanguage\":\"es\"}]}<\/script>\n<!-- \/ Yoast SEO plugin. -->","yoast_head_json":{"title":"Team - Crespect","robots":{"index":"index","follow":"follow","max-snippet":"max-snippet:-1","max-image-preview":"max-image-preview:large","max-video-preview":"max-video-preview:-1"},"canonical":"https:\/\/crespect.com\/es\/team\/","og_locale":"es_ES","og_type":"article","og_title":"Team - Crespect","og_url":"https:\/\/crespect.com\/es\/team\/","og_site_name":"Crespect","article_modified_time":"2025-05-24T05:17:14+00:00","og_image":[{"width":1200,"height":675,"url":"https:\/\/crespect.com\/wp-content\/uploads\/FB-crespect.jpg","type":"image\/jpeg"}],"twitter_card":"summary_large_image","twitter_misc":{"Tiempo de lectura":"1 minuto"},"schema":{"@context":"https:\/\/schema.org","@graph":[{"@type":"WebPage","@id":"https:\/\/crespect.com\/es\/team\/","url":"https:\/\/crespect.com\/es\/team\/","name":"Team - Crespect","isPartOf":{"@id":"https:\/\/crespect.com\/es\/#website"},"datePublished":"2025-03-14T09:28:26+00:00","dateModified":"2025-05-24T05:17:14+00:00","breadcrumb":{"@id":"https:\/\/crespect.com\/es\/team\/#breadcrumb"},"inLanguage":"es","potentialAction":[{"@type":"ReadAction","target":["https:\/\/crespect.com\/es\/team\/"]}]},{"@type":"BreadcrumbList","@id":"https:\/\/crespect.com\/es\/team\/#breadcrumb","itemListElement":[{"@type":"ListItem","position":1,"name":"Etusivu","item":"https:\/\/crespect.com\/es\/"},{"@type":"ListItem","position":2,"name":"Team"}]},{"@type":"WebSite","@id":"https:\/\/crespect.com\/es\/#website","url":"https:\/\/crespect.com\/es\/","name":"Crespect","description":"Achieve harmony in legal practice","alternateName":"AI-powered legal practice management system with built-in CRM","potentialAction":[{"@type":"SearchAction","target":{"@type":"EntryPoint","urlTemplate":"https:\/\/crespect.com\/es\/?s={search_term_string}"},"query-input":{"@type":"PropertyValueSpecification","valueRequired":true,"valueName":"search_term_string"}}],"inLanguage":"es"}]}},"_links":{"self":[{"href":"https:\/\/crespect.com\/es\/wp-json\/wp\/v2\/pages\/538","targetHints":{"allow":["GET"]}}],"collection":[{"href":"https:\/\/crespect.com\/es\/wp-json\/wp\/v2\/pages"}],"about":[{"href":"https:\/\/crespect.com\/es\/wp-json\/wp\/v2\/types\/page"}],"author":[{"embeddable":true,"href":"https:\/\/crespect.com\/es\/wp-json\/wp\/v2\/users\/1"}],"replies":[{"embeddable":true,"href":"https:\/\/crespect.com\/es\/wp-json\/wp\/v2\/comments?post=538"}],"version-history":[{"count":2,"href":"https:\/\/crespect.com\/es\/wp-json\/wp\/v2\/pages\/538\/revisions"}],"predecessor-version":[{"id":605,"href":"https:\/\/crespect.com\/es\/wp-json\/wp\/v2\/pages\/538\/revisions\/605"}],"wp:attachment":[{"href":"https:\/\/crespect.com\/es\/wp-json\/wp\/v2\/media?parent=538"}],"curies":[{"name":"wp","href":"https:\/\/api.w.org\/{rel}","templated":true}]}}