{"id":532,"date":"2024-11-27T12:42:29","date_gmt":"2024-11-27T10:42:29","guid":{"rendered":"https:\/\/crespect.com\/etusivu\/"},"modified":"2025-05-23T19:27:35","modified_gmt":"2025-05-23T16:27:35","slug":"etusivu","status":"publish","type":"page","link":"https:\/\/crespect.com\/es\/","title":{"rendered":"Crespect"},"content":{"rendered":"<section class=\"l-section wpb_row us_custom_354ae159 height_huge color_secondary with_img\"><div class=\"l-section-img\" role=\"img\" data-img-width=\"1920\" data-img-height=\"1080\" style=\"background-image: url(https:\/\/crespect.com\/wp-content\/uploads\/main-background-darker.jpg);background-position: top left;background-repeat: no-repeat;\"><\/div><div class=\"l-section-h i-cf\"><div class=\"g-cols vc_row via_flex valign_top type_default stacking_default\"><div class=\"vc_col-sm-12 wpb_column vc_column_container\"><div class=\"vc_column-inner\"><div class=\"wpb_wrapper\"><div class=\"g-cols wpb_row via_flex valign_top type_default stacking_default\"><div class=\"vc_col-sm-12 vc_col-lg-9 vc_col-md-9 wpb_column vc_column_container\"><div class=\"vc_column-inner us_custom_b61f42e1\"><div class=\"wpb_wrapper\"><h1 class=\"w-text us_custom_06a62f7b\"><span class=\"w-text-h\"><span class=\"w-text-value\">El Software Todo en Uno para Despachos Jur\u00eddicos<\/span><\/span><\/h1><\/div><\/div><\/div><div class=\"vc_col-sm-3 vc_hidden-sm vc_hidden-xs wpb_column vc_column_container\"><div class=\"vc_column-inner\"><div class=\"wpb_wrapper\"><\/div><\/div><\/div><\/div><div class=\"w-separator size_small\"><\/div><div class=\"g-cols wpb_row via_flex valign_top type_default stacking_default\"><div class=\"vc_col-sm-9 vc_col-lg-6 vc_col-md-8 wpb_column vc_column_container\"><div class=\"vc_column-inner\"><div class=\"wpb_wrapper\"><div class=\"wpb_text_column ingressi\"><div class=\"wpb_wrapper\"><p><strong data-start=\"492\" data-end=\"577\">Crespect une Gesti\u00f3n Legal, CRM y Facturaci\u00f3n Inteligente en una sola plataforma. <\/strong>Ahorra tiempo, automatiza procesos y haz crecer tu despacho<\/p>\n<\/div><\/div><\/div><\/div><\/div><div class=\"vc_col-sm-3 vc_col-md-4 wpb_column vc_column_container\"><div class=\"vc_column-inner\"><div class=\"wpb_wrapper\"><\/div><\/div><\/div><\/div><div class=\"w-separator size_medium\"><\/div><div class=\"w-btn-wrapper align_none\"><a class=\"w-btn us-btn-style_5\" href=\"\/software\"><span class=\"w-btn-label\">M\u00e1s Informaci\u00f3n<\/span><\/a><\/div><div class=\"w-btn-wrapper align_none\"><a class=\"w-btn us-btn-style_4\" href=\"https:\/\/outlook.office365.com\/book\/Crespectintroduction@sorainen.onmicrosoft.com\/\"><span class=\"w-btn-label\">Solicita una demo<\/span><\/a><\/div><\/div><\/div><\/div><\/div><\/div><\/section><section class=\"l-section wpb_row height_large\"><div class=\"l-section-h i-cf\"><div class=\"g-cols vc_row via_flex valign_middle type_default stacking_default\"><div class=\"vc_col-sm-12 vc_col-lg-6 vc_col-md-6 wpb_column vc_column_container\"><div class=\"vc_column-inner\"><div class=\"wpb_wrapper\"><h2 class=\"w-text\"><span class=\"w-text-h\"><span class=\"w-text-value\">C\u00e9ntrate en lo esencial, automatiza las tareas rutinarias.<\/span><\/span><\/h2><div class=\"wpb_text_column\"><div class=\"wpb_wrapper\"><p class=\"\" data-start=\"127\" data-end=\"520\"><strong data-start=\"127\" data-end=\"281\">Crespect es el sistema definitivo de gesti\u00f3n para despachos jur\u00eddicos, nativo en inteligencia artificial y dise\u00f1ado especialmente para firmas legales.<\/strong><br data-start=\"281\" data-end=\"284\" \/>Nuestra plataforma incluye un CRM integrado que identifica oportunidades en las necesidades de los clientes, ofrece recomendaciones pr\u00e1cticas para potenciar los servicios ofrecidos y fortalece lo m\u00e1s valioso: la relaci\u00f3n con el cliente.<\/p>\n<p class=\"\" data-start=\"522\" data-end=\"820\">Impulsamos la eficiencia del despacho con una gesti\u00f3n \u00e1gil de casos, comprobaciones de conflictos de inter\u00e9s (COI) r\u00e1pidas y herramientas s\u00f3lidas de colaboraci\u00f3n.<br data-start=\"684\" data-end=\"687\" \/>Adem\u00e1s, Crespect automatiza la creaci\u00f3n de contratos de servicios y los flujos de facturaci\u00f3n, facilitando un crecimiento sostenible.<\/p>\n<\/div><\/div><div class=\"w-separator size_small\"><\/div><div class=\"w-btn-wrapper align_none\"><a class=\"w-btn us-btn-style_1\" href=\"\/software\"><span class=\"w-btn-label\">M\u00e1s Informaci\u00f3n<\/span><\/a><\/div><\/div><\/div><\/div><div class=\"vc_col-sm-12 vc_col-lg-6 vc_col-md-6 wpb_column vc_column_container stretched\"><div class=\"vc_column-inner\"><div class=\"wpb_wrapper\"><div class=\"w-image align_none\"><div class=\"w-image-h\"><img decoding=\"async\" width=\"1080\" height=\"851\" src=\"https:\/\/crespect.com\/wp-content\/uploads\/CRM-for-lawfirms.jpg\" class=\"attachment-full size-full\" alt=\"\" loading=\"lazy\" srcset=\"https:\/\/crespect.com\/wp-content\/uploads\/CRM-for-lawfirms.jpg 1080w, https:\/\/crespect.com\/wp-content\/uploads\/CRM-for-lawfirms-300x236.jpg 300w, https:\/\/crespect.com\/wp-content\/uploads\/CRM-for-lawfirms-1024x807.jpg 1024w\" sizes=\"auto, (max-width: 1080px) 100vw, 1080px\" \/><\/div><\/div><\/div><\/div><\/div><\/div><\/div><\/section><section class=\"l-section wpb_row height_huge with_img\"><div class=\"l-section-img\" role=\"img\" data-img-width=\"1920\" data-img-height=\"1080\" style=\"background-image: url(https:\/\/crespect.com\/wp-content\/uploads\/bg_light.jpg);background-position: bottom left;background-repeat: no-repeat;\"><\/div><div class=\"l-section-h i-cf\"><div class=\"g-cols vc_row via_flex valign_middle type_default stacking_default\"><div class=\"vc_col-sm-12 vc_col-lg-6 vc_col-md-6 wpb_column vc_column_container\"><div class=\"vc_column-inner\"><div class=\"wpb_wrapper\"><h2 class=\"w-text\"><span class=\"w-text-h\"><span class=\"w-text-value\">Cubrimos los procesos m\u00e1s importantes de tu firma jur\u00eddica.<\/span><\/span><\/h2><div class=\"w-tabs style_default switch_click accordion\" style=\"--sections-title-size:20px\"><div class=\"w-tabs-sections titles-align_none icon_plus cpos_left\"><div class=\"w-tabs-section\" id=\"zbcd\"><button class=\"w-tabs-section-header\" aria-controls=\"content-zbcd\" aria-expanded=\"false\"><h4 class=\"w-tabs-section-title\">Insights de clientes basados en IA<\/h4><div class=\"w-tabs-section-control\"><\/div><\/button><div  class=\"w-tabs-section-content\" id=\"content-zbcd\"><div class=\"w-tabs-section-content-h i-cf\"><div class=\"wpb_text_column\"><div class=\"wpb_wrapper\"><p>Antic\u00edpate a las necesidades de tus clientes antes de que las expresen. Prep\u00e1rate para cada reuni\u00f3n con notas accionables y consejos contextuales.<\/p>\n<\/div><\/div><\/div><\/div><\/div><div class=\"w-tabs-section\" id=\"gcb5\"><button class=\"w-tabs-section-header\" aria-controls=\"content-gcb5\" aria-expanded=\"false\"><h4 class=\"w-tabs-section-title\">Gesti\u00f3n completa del ciclo del cliente<\/h4><div class=\"w-tabs-section-control\"><\/div><\/button><div  class=\"w-tabs-section-content\" id=\"content-gcb5\"><div class=\"w-tabs-section-content-h i-cf\"><div class=\"wpb_text_column\"><div class=\"wpb_wrapper\"><p>Disfruta de una gesti\u00f3n fluida de contactos y cumplimiento normativo (COI, AML, KYC) desde la admisi\u00f3n del cliente y del caso. Gestiona tanto los asuntos como sus presupuestos con total facilidad.<\/p>\n<\/div><\/div><\/div><\/div><\/div><div class=\"w-tabs-section\" id=\"ed9c\"><button class=\"w-tabs-section-header\" aria-controls=\"content-ed9c\" aria-expanded=\"false\"><h4 class=\"w-tabs-section-title\">Plataforma con CRM integrado para hacer crecer tu despacho<\/h4><div class=\"w-tabs-section-control\"><\/div><\/button><div  class=\"w-tabs-section-content\" id=\"content-ed9c\"><div class=\"w-tabs-section-content-h i-cf\"><div class=\"wpb_text_column\"><div class=\"wpb_wrapper\"><p class=\"\" data-start=\"74\" data-end=\"222\">Utiliza segmentaci\u00f3n categorizada, gesti\u00f3n de leads, referencias y actividades de CRM para convertir los insights en nuevas fuentes de ingresos<strong data-start=\"74\" data-end=\"222\">.<\/strong><\/p>\n<\/div><\/div><\/div><\/div><\/div><div class=\"w-tabs-section\" id=\"me75\"><button class=\"w-tabs-section-header\" aria-controls=\"content-me75\" aria-expanded=\"false\"><h4 class=\"w-tabs-section-title\">Gesti\u00f3n avanzada de facturaci\u00f3n y cobros<\/h4><div class=\"w-tabs-section-control\"><\/div><\/button><div  class=\"w-tabs-section-content\" id=\"content-me75\"><div class=\"w-tabs-section-content-h i-cf\"><div class=\"wpb_text_column\"><div class=\"wpb_wrapper\"><p>Convierte el seguimiento de tiempo y gastos en una facturaci\u00f3n automatizada y sin papel, con un flujo de aprobaci\u00f3n \u00e1gil.<\/p>\n<\/div><\/div><\/div><\/div><\/div><div class=\"w-tabs-section\" id=\"af4b\"><button class=\"w-tabs-section-header\" aria-controls=\"content-af4b\" aria-expanded=\"false\"><h4 class=\"w-tabs-section-title\">Reciclaje del conocimiento colectivo<\/h4><div class=\"w-tabs-section-control\"><\/div><\/button><div  class=\"w-tabs-section-content\" id=\"content-af4b\"><div class=\"w-tabs-section-content-h i-cf\"><div class=\"wpb_text_column\"><div class=\"wpb_wrapper\"><p>Aplica las lecciones aprendidas con informes de retroalimentaci\u00f3n y gesti\u00f3n de tareas, y reutiliza la experiencia de transacciones anteriores mediante un sistema de env\u00edos y una biblioteca de referencias.<\/p>\n<\/div><\/div><\/div><\/div><\/div><div class=\"w-tabs-section\" id=\"t042\"><button class=\"w-tabs-section-header\" aria-controls=\"content-t042\" aria-expanded=\"false\"><h4 class=\"w-tabs-section-title\">Decide con confianza gracias a los datos<\/h4><div class=\"w-tabs-section-control\"><\/div><\/button><div  class=\"w-tabs-section-content\" id=\"content-t042\"><div class=\"w-tabs-section-content-h i-cf\"><div class=\"wpb_text_column\"><div class=\"wpb_wrapper\"><p>Optimiza tus servicios legales con informes en tiempo real y anal\u00edtica predictiva<\/p>\n<\/div><\/div><\/div><\/div><\/div><\/div><\/div><\/div><\/div><\/div><div class=\"vc_col-sm-9 vc_col-lg-6 vc_col-md-6 wpb_column vc_column_container\"><div class=\"vc_column-inner\"><div class=\"wpb_wrapper\"><div class=\"w-image align_none\"><div class=\"w-image-h\"><img decoding=\"async\" width=\"1024\" height=\"972\" src=\"https:\/\/crespect.com\/wp-content\/uploads\/EN-AI-driven-software-lawfirms-1024x972.png\" class=\"attachment-large size-large\" alt=\"\" loading=\"lazy\" srcset=\"https:\/\/crespect.com\/wp-content\/uploads\/EN-AI-driven-software-lawfirms-1024x972.png 1024w, https:\/\/crespect.com\/wp-content\/uploads\/EN-AI-driven-software-lawfirms-300x285.png 300w, https:\/\/crespect.com\/wp-content\/uploads\/EN-AI-driven-software-lawfirms.png 1080w\" sizes=\"auto, (max-width: 1024px) 100vw, 1024px\" \/><\/div><\/div><\/div><\/div><\/div><\/div><\/div><\/section><section class=\"l-section wpb_row us_custom_e11ab399 height_large\"><div class=\"l-section-h i-cf\"><div class=\"g-cols vc_row via_flex valign_top type_default stacking_default\"><div class=\"vc_col-sm-12 wpb_column vc_column_container\"><div class=\"vc_column-inner\"><div class=\"wpb_wrapper\"><h2 class=\"w-text\"><span class=\"w-text-h\"><span class=\"w-text-value\">Art\u00edculos y novedades<\/span><\/span><\/h2><div class=\"w-grid type_carousel layout_13 hidden items_2\" id=\"us_grid_1\" style=\"--items:2;--gap:30px;\"><style>.layout_13 .w-grid-item-h{box-shadow:0 0rem 0rem rgba(0,0,0,0.1),0 0rem 0rem rgba(0,0,0,0.1);transition-duration:0.3s}.no-touch .layout_13 .w-grid-item-h:hover{box-shadow:0 0.05rem 0.1rem rgba(0,0,0,0.1),0 0.17rem 0.5rem rgba(0,0,0,0.15);z-index:4}.layout_13 .usg_vwrapper_1{transition-duration:0s;transform-origin:50% 50%;transform:scale(1) translate(0%,0%)}.layout_13 .w-grid-item-h:hover .usg_vwrapper_1{transform:scale(1) translate(0%,0%);opacity:1}.layout_13 .usg_vwrapper_1{height:100%!important;border-left-width:1px!important;border-color:var(--color-content-link-hover)!important;border-left-style:solid!important;padding:25px 25px 28px 35px!important}.layout_13 .usg_post_date_1{color:var(--color-content-primary)!important;font-size:14px!important}.layout_13 .usg_post_taxonomy_1{color:var(--color-content-link)!important;font-size:14px!important;font-weight:600!important;padding-bottom:10px!important}<\/style><div class=\"w-grid-list owl-carousel valign_stretch dotstyle_circle navstyle_circle navpos_outside owl-responsive-2000 with_dots\" style=\"--transition-duration:350ms;\"><\/div>\t<div class=\"g-preloader type_1\">\r\n\t\t<div><\/div>\r\n\t<\/div>\r\n\t\t<div class=\"w-grid-json hidden\" onclick='return {&quot;action&quot;:&quot;us_ajax_grid&quot;,&quot;infinite_scroll&quot;:0,&quot;max_num_pages&quot;:0,&quot;pagination&quot;:&quot;none&quot;,&quot;template_vars&quot;:{&quot;columns&quot;:&quot;&quot;,&quot;exclude_items&quot;:&quot;none&quot;,&quot;img_size&quot;:&quot;default&quot;,&quot;ignore_items_size&quot;:0,&quot;items_layout&quot;:&quot;13&quot;,&quot;items_offset&quot;:&quot;0px&quot;,&quot;load_animation&quot;:&quot;none&quot;,&quot;overriding_link&quot;:&quot;%7B%22url%22%3A%22%22%7D&quot;,&quot;post_id&quot;:0,&quot;query_args&quot;:{&quot;post_type&quot;:[&quot;post&quot;],&quot;post_status&quot;:[&quot;publish&quot;],&quot;posts_per_page&quot;:&quot;10&quot;},&quot;orderby_query_args&quot;:{&quot;orderby&quot;:{&quot;date&quot;:&quot;DESC&quot;}},&quot;type&quot;:&quot;carousel&quot;,&quot;us_grid_post_type&quot;:&quot;post&quot;,&quot;us_grid_ajax_index&quot;:1,&quot;us_grid_filter_query_string&quot;:null,&quot;us_grid_index&quot;:1,&quot;page_args&quot;:[],&quot;lang&quot;:&quot;es&quot;},&quot;carousel_settings&quot;:{&quot;aria_labels&quot;:{&quot;prev&quot;:&quot;Anterior&quot;,&quot;next&quot;:&quot;Siguiente&quot;},&quot;autoplayContinual&quot;:false,&quot;autoplayHoverPause&quot;:false,&quot;autoplayTimeout&quot;:3000,&quot;autoWidth&quot;:false,&quot;smartSpeed&quot;:350,&quot;margin&quot;:0,&quot;mouseDrag&quot;:false,&quot;rtl&quot;:false,&quot;slideBy&quot;:&quot;1&quot;,&quot;touchDrag&quot;:false,&quot;slideTransition&quot;:&quot;&quot;,&quot;responsive&quot;:{&quot;0&quot;:{&quot;autoHeight&quot;:false,&quot;autoplay&quot;:true,&quot;autoWidth&quot;:false,&quot;center&quot;:false,&quot;dots&quot;:true,&quot;items&quot;:1,&quot;loop&quot;:false,&quot;nav&quot;:false,&quot;stagePadding&quot;:0,&quot;slideBy&quot;:&quot;1&quot;},&quot;601&quot;:{&quot;items&quot;:2,&quot;autoplay&quot;:true,&quot;center&quot;:false,&quot;dots&quot;:true,&quot;nav&quot;:false,&quot;autoHeight&quot;:false,&quot;autoWidth&quot;:false,&quot;loop&quot;:false,&quot;stagePadding&quot;:0}}}}'><\/div>\r\n\t<\/div><div class=\"w-grid-none type_message\">No se han encontrado resultados.<\/div><\/div><\/div><\/div><\/div><\/div><\/section><section class=\"l-section wpb_row height_large\"><div class=\"l-section-h i-cf\"><div class=\"g-cols vc_row via_flex valign_top type_default stacking_default\"><div class=\"vc_col-sm-12 wpb_column vc_column_container\"><div class=\"vc_column-inner\"><div class=\"wpb_wrapper\"><div class=\"g-cols wpb_row us_custom_2f64f96d has_text_color via_flex valign_middle type_boxes stacking_default\"><div class=\"vc_col-sm-12 wpb_column vc_column_container\"><div class=\"vc_column-inner us_custom_fd6a6720\"><div class=\"wpb_wrapper\"><h2 class=\"w-text us_custom_eb849559\"><span class=\"w-text-h\"><span class=\"w-text-value\">\u00a1Lleva tu despacho al siguiente nivel con Crespect!<\/span><\/span><\/h2><div class=\"wpb_text_column ingressi\"><div class=\"wpb_wrapper\"><p style=\"text-align: center;\">Solicitar demo<\/p>\n<\/div><\/div><div class=\"w-separator size_small\"><\/div><div class=\"w-btn-wrapper align_center\"><a class=\"w-btn us-btn-style_5 us_custom_b4198c51 icon_atright\" href=\"\/contact\"><span class=\"w-btn-label\">Solic\u00edtalo ahora<\/span><i class=\"fal fa-chevron-right\"><\/i><\/a><\/div><\/div><\/div><\/div><\/div><\/div><\/div><\/div><\/div><\/div><\/section>\n","protected":false},"excerpt":{"rendered":"El Software Todo en Uno para Despachos Jur\u00eddicosCrespect une Gesti\u00f3n Legal, CRM y Facturaci\u00f3n Inteligente en una sola plataforma. Ahorra tiempo, automatiza procesos y haz crecer tu despacho M\u00e1s Informaci\u00f3nSolicita una demoC\u00e9ntrate en lo esencial, automatiza las tareas rutinarias.Crespect es el sistema definitivo de gesti\u00f3n para despachos jur\u00eddicos, nativo en inteligencia artificial y dise\u00f1ado especialmente...","protected":false},"author":1,"featured_media":508,"parent":0,"menu_order":1,"comment_status":"closed","ping_status":"closed","template":"","meta":{"footnotes":""},"class_list":["post-532","page","type-page","status-publish","has-post-thumbnail","hentry"],"yoast_head":"<!-- This site is optimized with the Yoast SEO plugin v25.1 - https:\/\/yoast.com\/wordpress\/plugins\/seo\/ -->\n<title>AI and CRM for Legal Practice Growth - Crespect<\/title>\n<meta name=\"description\" content=\"A Smart CRM &amp; Growth Tool Designed to Help Law Firms Automate Sales, Streamline Operations, and Unlock New Opportunities.\" \/>\n<meta name=\"robots\" content=\"index, follow, max-snippet:-1, max-image-preview:large, max-video-preview:-1\" \/>\n<link rel=\"canonical\" href=\"https:\/\/crespect.com\/es\/\" \/>\n<meta property=\"og:locale\" content=\"es_ES\" \/>\n<meta property=\"og:type\" content=\"article\" \/>\n<meta property=\"og:title\" content=\"AI and CRM for Legal Practice Growth - Crespect\" \/>\n<meta property=\"og:description\" content=\"A Smart CRM &amp; Growth Tool Designed to Help Law Firms Automate Sales, Streamline Operations, and Unlock New Opportunities.\" \/>\n<meta property=\"og:url\" content=\"https:\/\/crespect.com\/es\/\" \/>\n<meta property=\"og:site_name\" content=\"Crespect\" \/>\n<meta property=\"article:modified_time\" content=\"2025-05-23T16:27:35+00:00\" \/>\n<meta property=\"og:image\" content=\"https:\/\/crespect.com\/wp-content\/uploads\/FB-crespect.jpg\" \/>\n\t<meta property=\"og:image:width\" content=\"1200\" \/>\n\t<meta property=\"og:image:height\" content=\"675\" \/>\n\t<meta property=\"og:image:type\" content=\"image\/jpeg\" \/>\n<meta name=\"twitter:card\" content=\"summary_large_image\" \/>\n<meta name=\"twitter:label1\" content=\"Tiempo de lectura\" \/>\n\t<meta name=\"twitter:data1\" content=\"3 minutos\" \/>\n<script type=\"application\/ld+json\" class=\"yoast-schema-graph\">{\"@context\":\"https:\/\/schema.org\",\"@graph\":[{\"@type\":\"WebPage\",\"@id\":\"https:\/\/crespect.com\/es\/\",\"url\":\"https:\/\/crespect.com\/es\/\",\"name\":\"AI and CRM for Legal Practice Growth - Crespect\",\"isPartOf\":{\"@id\":\"https:\/\/crespect.com\/es\/#website\"},\"primaryImageOfPage\":{\"@id\":\"https:\/\/crespect.com\/es\/#primaryimage\"},\"image\":{\"@id\":\"https:\/\/crespect.com\/es\/#primaryimage\"},\"thumbnailUrl\":\"https:\/\/crespect.com\/wp-content\/uploads\/FB-crespect.jpg\",\"datePublished\":\"2024-11-27T10:42:29+00:00\",\"dateModified\":\"2025-05-23T16:27:35+00:00\",\"description\":\"A Smart CRM & Growth Tool Designed to Help Law Firms Automate Sales, Streamline Operations, and Unlock New Opportunities.\",\"breadcrumb\":{\"@id\":\"https:\/\/crespect.com\/es\/#breadcrumb\"},\"inLanguage\":\"es\",\"potentialAction\":[{\"@type\":\"ReadAction\",\"target\":[\"https:\/\/crespect.com\/es\/\"]}]},{\"@type\":\"ImageObject\",\"inLanguage\":\"es\",\"@id\":\"https:\/\/crespect.com\/es\/#primaryimage\",\"url\":\"https:\/\/crespect.com\/wp-content\/uploads\/FB-crespect.jpg\",\"contentUrl\":\"https:\/\/crespect.com\/wp-content\/uploads\/FB-crespect.jpg\",\"width\":1200,\"height\":675},{\"@type\":\"BreadcrumbList\",\"@id\":\"https:\/\/crespect.com\/es\/#breadcrumb\",\"itemListElement\":[{\"@type\":\"ListItem\",\"position\":1,\"name\":\"Etusivu\",\"item\":\"https:\/\/crespect.com\/es\/\"},{\"@type\":\"ListItem\",\"position\":2,\"name\":\"Crespect\"}]},{\"@type\":\"WebSite\",\"@id\":\"https:\/\/crespect.com\/es\/#website\",\"url\":\"https:\/\/crespect.com\/es\/\",\"name\":\"Crespect\",\"description\":\"Achieve harmony in legal practice\",\"alternateName\":\"AI-powered legal practice management system with built-in CRM\",\"potentialAction\":[{\"@type\":\"SearchAction\",\"target\":{\"@type\":\"EntryPoint\",\"urlTemplate\":\"https:\/\/crespect.com\/es\/?s={search_term_string}\"},\"query-input\":{\"@type\":\"PropertyValueSpecification\",\"valueRequired\":true,\"valueName\":\"search_term_string\"}}],\"inLanguage\":\"es\"}]}<\/script>\n<!-- \/ Yoast SEO plugin. -->","yoast_head_json":{"title":"AI and CRM for Legal Practice Growth - Crespect","description":"A Smart CRM & Growth Tool Designed to Help Law Firms Automate Sales, Streamline Operations, and Unlock New Opportunities.","robots":{"index":"index","follow":"follow","max-snippet":"max-snippet:-1","max-image-preview":"max-image-preview:large","max-video-preview":"max-video-preview:-1"},"canonical":"https:\/\/crespect.com\/es\/","og_locale":"es_ES","og_type":"article","og_title":"AI and CRM for Legal Practice Growth - Crespect","og_description":"A Smart CRM & Growth Tool Designed to Help Law Firms Automate Sales, Streamline Operations, and Unlock New Opportunities.","og_url":"https:\/\/crespect.com\/es\/","og_site_name":"Crespect","article_modified_time":"2025-05-23T16:27:35+00:00","og_image":[{"width":1200,"height":675,"url":"https:\/\/crespect.com\/wp-content\/uploads\/FB-crespect.jpg","type":"image\/jpeg"}],"twitter_card":"summary_large_image","twitter_misc":{"Tiempo de lectura":"3 minutos"},"schema":{"@context":"https:\/\/schema.org","@graph":[{"@type":"WebPage","@id":"https:\/\/crespect.com\/es\/","url":"https:\/\/crespect.com\/es\/","name":"AI and CRM for Legal Practice Growth - Crespect","isPartOf":{"@id":"https:\/\/crespect.com\/es\/#website"},"primaryImageOfPage":{"@id":"https:\/\/crespect.com\/es\/#primaryimage"},"image":{"@id":"https:\/\/crespect.com\/es\/#primaryimage"},"thumbnailUrl":"https:\/\/crespect.com\/wp-content\/uploads\/FB-crespect.jpg","datePublished":"2024-11-27T10:42:29+00:00","dateModified":"2025-05-23T16:27:35+00:00","description":"A Smart CRM & Growth Tool Designed to Help Law Firms Automate Sales, Streamline Operations, and Unlock New Opportunities.","breadcrumb":{"@id":"https:\/\/crespect.com\/es\/#breadcrumb"},"inLanguage":"es","potentialAction":[{"@type":"ReadAction","target":["https:\/\/crespect.com\/es\/"]}]},{"@type":"ImageObject","inLanguage":"es","@id":"https:\/\/crespect.com\/es\/#primaryimage","url":"https:\/\/crespect.com\/wp-content\/uploads\/FB-crespect.jpg","contentUrl":"https:\/\/crespect.com\/wp-content\/uploads\/FB-crespect.jpg","width":1200,"height":675},{"@type":"BreadcrumbList","@id":"https:\/\/crespect.com\/es\/#breadcrumb","itemListElement":[{"@type":"ListItem","position":1,"name":"Etusivu","item":"https:\/\/crespect.com\/es\/"},{"@type":"ListItem","position":2,"name":"Crespect"}]},{"@type":"WebSite","@id":"https:\/\/crespect.com\/es\/#website","url":"https:\/\/crespect.com\/es\/","name":"Crespect","description":"Achieve harmony in legal practice","alternateName":"AI-powered legal practice management system with built-in CRM","potentialAction":[{"@type":"SearchAction","target":{"@type":"EntryPoint","urlTemplate":"https:\/\/crespect.com\/es\/?s={search_term_string}"},"query-input":{"@type":"PropertyValueSpecification","valueRequired":true,"valueName":"search_term_string"}}],"inLanguage":"es"}]}},"_links":{"self":[{"href":"https:\/\/crespect.com\/es\/wp-json\/wp\/v2\/pages\/532","targetHints":{"allow":["GET"]}}],"collection":[{"href":"https:\/\/crespect.com\/es\/wp-json\/wp\/v2\/pages"}],"about":[{"href":"https:\/\/crespect.com\/es\/wp-json\/wp\/v2\/types\/page"}],"author":[{"embeddable":true,"href":"https:\/\/crespect.com\/es\/wp-json\/wp\/v2\/users\/1"}],"replies":[{"embeddable":true,"href":"https:\/\/crespect.com\/es\/wp-json\/wp\/v2\/comments?post=532"}],"version-history":[{"count":7,"href":"https:\/\/crespect.com\/es\/wp-json\/wp\/v2\/pages\/532\/revisions"}],"predecessor-version":[{"id":594,"href":"https:\/\/crespect.com\/es\/wp-json\/wp\/v2\/pages\/532\/revisions\/594"}],"wp:featuredmedia":[{"embeddable":true,"href":"https:\/\/crespect.com\/es\/wp-json\/wp\/v2\/media\/508"}],"wp:attachment":[{"href":"https:\/\/crespect.com\/es\/wp-json\/wp\/v2\/media?parent=532"}],"curies":[{"name":"wp","href":"https:\/\/api.w.org\/{rel}","templated":true}]}}